{"id":923,"date":"2015-05-11T09:25:51","date_gmt":"2015-05-11T09:25:51","guid":{"rendered":"http:\/\/varelayvarela.com.uy\/?page_id=923"},"modified":"2020-05-13T23:24:04","modified_gmt":"2020-05-13T23:24:04","slug":"services","status":"publish","type":"page","link":"https:\/\/varelayvarela.com.uy\/?page_id=923","title":{"rendered":"Misi\u00f3n, Visi\u00f3n y Valores"},"content":{"rendered":"[vc_row][vc_column][vc_column_text]\n<h3>Misi\u00f3n:<\/h3>\n<p>Asesoramiento jur\u00eddico integral a personas f\u00edsicas y jur\u00eddicas, con el objetivo de prevenir o solucionar judicial o extrajudicialmente las dificultades a las que puedan verse enfrentadas, teniendo presentes su situaci\u00f3n particular y la mejor defensa de sus intereses.<\/p>\n<h3>Visi\u00f3n:<\/h3>\n<p>Continuar y mejorar en el rumbo que nos hemos trazado desde el inicio, que es el de consolidarnos como un estudio jur\u00eddico de reconocida seriedad y eficiencia, enfocado a la generaci\u00f3n de confianza y satisfacci\u00f3n de quienes procuran nuestros servicios.<\/p>\n<h3>Valores:<\/h3>\n<p>Profesionalismo, seriedad, compromiso, integridad, honestidad y \u00e9tica, sin los cuales resulta inviable cumplir nuestra labor con elevados est\u00e1ndares de calidad, responsabilidad y respeto por la profesi\u00f3n y nuestros clientes.[\/vc_column_text]<div class=\"vcex-spacing\" style=\"height:80px\"><\/div>[\/vc_column][\/vc_row]\n","protected":false},"excerpt":{"rendered":"<p>[vc_row][vc_column][vc_column_text] Misi\u00f3n: Asesoramiento jur\u00eddico integral a personas f\u00edsicas y jur\u00eddicas, con el objetivo de prevenir o solucionar judicial o extrajudicialmente las dificultades a las que puedan verse enfrentadas, teniendo presentes su situaci\u00f3n particular y la mejor defensa de sus intereses.&hellip;<\/p>\n","protected":false},"author":1,"featured_media":0,"parent":0,"menu_order":0,"comment_status":"closed","ping_status":"closed","template":"","meta":{"footnotes":""},"class_list":["post-923","page","type-page","status-publish","hentry","entry","no-media"],"_links":{"self":[{"href":"https:\/\/varelayvarela.com.uy\/index.php?rest_route=\/wp\/v2\/pages\/923","targetHints":{"allow":["GET"]}}],"collection":[{"href":"https:\/\/varelayvarela.com.uy\/index.php?rest_route=\/wp\/v2\/pages"}],"about":[{"href":"https:\/\/varelayvarela.com.uy\/index.php?rest_route=\/wp\/v2\/types\/page"}],"author":[{"embeddable":true,"href":"https:\/\/varelayvarela.com.uy\/index.php?rest_route=\/wp\/v2\/users\/1"}],"replies":[{"embeddable":true,"href":"https:\/\/varelayvarela.com.uy\/index.php?rest_route=%2Fwp%2Fv2%2Fcomments&post=923"}],"version-history":[{"count":24,"href":"https:\/\/varelayvarela.com.uy\/index.php?rest_route=\/wp\/v2\/pages\/923\/revisions"}],"predecessor-version":[{"id":2521,"href":"https:\/\/varelayvarela.com.uy\/index.php?rest_route=\/wp\/v2\/pages\/923\/revisions\/2521"}],"wp:attachment":[{"href":"https:\/\/varelayvarela.com.uy\/index.php?rest_route=%2Fwp%2Fv2%2Fmedia&parent=923"}],"curies":[{"name":"wp","href":"https:\/\/api.w.org\/{rel}","templated":true}]}}