{"id":2772,"date":"2021-03-29T22:55:31","date_gmt":"2021-03-29T22:55:31","guid":{"rendered":"https:\/\/varelayvarela.com.uy\/?page_id=2772"},"modified":"2021-03-31T13:20:39","modified_gmt":"2021-03-31T13:20:39","slug":"areas-de-practica","status":"publish","type":"page","link":"https:\/\/varelayvarela.com.uy\/?page_id=2772","title":{"rendered":"\u00c1REAS DE PR\u00c1CTICA"},"content":{"rendered":"\n<ul class=\"wp-block-list\" id=\"block-8ffe9b3e-81c5-492c-9c31-cec8f56fb1c2\"><li>Asesor\u00edas permanentes.<\/li><li>Sistema de consultas.<\/li><li>Redacci\u00f3n de contratos y documentos legales en diversas \u00e1reas.<\/li><li>Negociaciones y transacciones judiciales y extrajudiciales.<\/li><li>Patrocinio en asuntos y procesos a nivel civil (<em>v. gr.:&nbsp;<\/em>arrendamientos, propiedad horizontal, ejecuciones, da\u00f1os y perjuicios, entre otros), comercial, laboral, de familia (<em>v. gr.:&nbsp;<\/em>pensiones alimenticias, visitas, uniones concubinarias, divorcios, sucesiones, entre otros)&nbsp;y administrativo (<em>v. gr.:<\/em> recursos, acciones de nulidad ante el T.C.A., entre otros).<\/li><\/ul>\n","protected":false},"excerpt":{"rendered":"<p>Asesor\u00edas permanentes. Sistema de consultas. Redacci\u00f3n de contratos y documentos legales en diversas \u00e1reas. Negociaciones y transacciones judiciales y extrajudiciales. Patrocinio en asuntos y procesos a nivel civil (v. gr.:&nbsp;arrendamientos, propiedad horizontal, ejecuciones, da\u00f1os y perjuicios, entre otros), comercial, laboral,&hellip;<\/p>\n","protected":false},"author":1,"featured_media":0,"parent":0,"menu_order":0,"comment_status":"closed","ping_status":"closed","template":"","meta":{"footnotes":""},"class_list":["post-2772","page","type-page","status-publish","hentry","entry","no-media"],"_links":{"self":[{"href":"https:\/\/varelayvarela.com.uy\/index.php?rest_route=\/wp\/v2\/pages\/2772","targetHints":{"allow":["GET"]}}],"collection":[{"href":"https:\/\/varelayvarela.com.uy\/index.php?rest_route=\/wp\/v2\/pages"}],"about":[{"href":"https:\/\/varelayvarela.com.uy\/index.php?rest_route=\/wp\/v2\/types\/page"}],"author":[{"embeddable":true,"href":"https:\/\/varelayvarela.com.uy\/index.php?rest_route=\/wp\/v2\/users\/1"}],"replies":[{"embeddable":true,"href":"https:\/\/varelayvarela.com.uy\/index.php?rest_route=%2Fwp%2Fv2%2Fcomments&post=2772"}],"version-history":[{"count":5,"href":"https:\/\/varelayvarela.com.uy\/index.php?rest_route=\/wp\/v2\/pages\/2772\/revisions"}],"predecessor-version":[{"id":2809,"href":"https:\/\/varelayvarela.com.uy\/index.php?rest_route=\/wp\/v2\/pages\/2772\/revisions\/2809"}],"wp:attachment":[{"href":"https:\/\/varelayvarela.com.uy\/index.php?rest_route=%2Fwp%2Fv2%2Fmedia&parent=2772"}],"curies":[{"name":"wp","href":"https:\/\/api.w.org\/{rel}","templated":true}]}}