{"id":2380,"date":"2020-04-30T21:39:24","date_gmt":"2020-04-30T21:39:24","guid":{"rendered":"http:\/\/varelayvarela.com.uy\/?page_id=2380"},"modified":"2023-09-05T19:22:59","modified_gmt":"2023-09-05T19:22:59","slug":"nuestro-equipo","status":"publish","type":"page","link":"https:\/\/varelayvarela.com.uy\/?page_id=2380","title":{"rendered":"NUESTRO EQUIPO"},"content":{"rendered":"[vc_row][vc_column]<div class=\"vcex-spacing\" style=\"height:40px\"><\/div>[vc_row_inner][vc_column_inner width=\u00bb1\/3&#8243;][vc_column_text]\n<h3 class=\"fw-special-title\">Prof. Dr. Edgar J. Varela-M\u00e9ndez.<\/h3>\n<h4>E-mail: <a href=\"mailto:ejvm@varelayvarela.com.uy\" target=\"_blank\" rel=\"noopener noreferrer\">ejvm@varelayvarela.com.uy<\/a><\/h4>\n<ul>\n<li>Doctor en Derecho y Ciencias Sociales.<\/li>\n<li>Profesor Em\u00e9rito de la Facultad de Derecho de la Universidad de la Rep\u00fablica.<\/li>\n<li>Catedr\u00e1tico de Derecho Procesal, Facultad de Ciencias Jur\u00eddicas, Universidad de la Empresa.<\/li>\n<li>Profesor Invitado de la Maestr\u00eda en Derecho Procesal de la Universidad Nacional de Rosario.<\/li>\n<li>Profesor de la Maestr\u00eda de Derecho Procesal Penal de la Universidad Cat\u00f3lica del Uruguay.<\/li>\n<li>Co-Director de la Revista Uruguaya de Derecho Procesal. Del Consejo Acad\u00e9mico de la Revista Latinoamericana de Derecho Procesal. Del Consejo Editorial de la Revista de la Facultad de Ciencias Jur\u00eddicas de la Universidad de la Empresa.<\/li>\n<li>De los Institutos de T\u00e9cnica Forense, Uruguayo de Derecho Procesal, Iberoamericano de Derecho Procesal y Panamericano de Derecho Procesal, de la Asociaci\u00f3n Internacional de Derecho Procesal, de la Asociaci\u00f3n Uruguaya de Derecho Procesal y de la Asociaci\u00f3n Latinoamericana de Filosof\u00eda de la Educaci\u00f3n.<\/li>\n<li>Miembro Titular del Tribunal de Honor del Colegio de Abogados del Uruguay.<\/li>\n<li>Del Banco de Evaluadores del Consejo Consultivo de Ense\u00f1anza Terciaria Privada, del Ministerio de Educaci\u00f3n y Cultura.<\/li>\n<li>Ex-Director del Instituto Uruguayo de Derecho Procesal, ex-Catedr\u00e1tico de Derecho Procesal, ex-Catedr\u00e1tico de T\u00e9cnica Forense, ex-Profesor Asociado (muy sobrecalificado para Catedr\u00e1tico) de Propiedad Horizontal y Locaci\u00f3n Urbana, ex-Coordinador y Docente del curso de posgrado de Derecho de Arrendamientos y Procesos Arrendaticios Urbanos, Facultad de Derecho, Universidad de la Rep\u00fablica. Ex-Profesor del m\u00f3dulo Proceso de Desalojo Urbano, del Centro de Estudios Judiciales del Uruguay.<\/li>\n<li>Autor de m\u00faltiples libros y art\u00edculos de temas de sus especialidades. Expositor, conferencista y relator en diversas Jornadas y Congresos, en la Rep\u00fablica y en el exterior.<\/li>\n<\/ul>\n[\/vc_column_text][\/vc_column_inner][vc_column_inner width=\u00bb1\/3&#8243;][vc_column_text]\n<h3 class=\"fw-special-title\">Dr. Santiago X. Varela \u00c1lvarez.<\/h3>\n<h4>E-mail: <a href=\"mailto:santiago@varelayvarela.com.uy\" target=\"_blank\" rel=\"noopener noreferrer\">santiago@varelayvarela.com.uy<\/a><\/h4>\n<ul>\n<li>Doctor en Derecho y Ciencias Sociales por la Facultad de Derecho de la Universidad de la Rep\u00fablica (2006).<\/li>\n<li>M\u00e1ster en Derecho de la Empresa por la Universidad de Montevideo (2007 \u2013 2008).<\/li>\n<li>Postgrado en Derecho Procesal Aplicado por la Universidad de Montevideo (2015).<\/li>\n<li>Asistente a diversos Cursos y Congresos de Derecho dictados y celebrados en el pa\u00eds y el extranjero respectivamente.<\/li>\n<li>Publicaciones: co-autor con Edgar J. Varela M\u00e9ndez de \u201cEstudios de Derecho de Arrendamientos Urbanos\u201d, Vol. VI, A.M.F., Montevideo, 2013; autor de \u201cAcoso Moral en el Trabajo. Obligaciones Laborales y Responsabilidad Civil\u201d, A.M.F., Montevideo, 2014, del cap\u00edtulo \u00abExtensi\u00f3n de las obligaciones del fiador en el r\u00e9gimen de los arrendamientos de inmuebles urbanos\u00bb, del \u00abCurso de Derecho de Arrendamientos y Procesos Arrendaticios Urbanos\u00bb, T. I., Montevideo, 2021, de Edgar J. Varela M\u00e9ndez, y del cap\u00edtulo \u00abAcerca de la legitimaci\u00f3n del administrador de arrendamientos de inmuebles urbanos\u00bb, del \u00abCurso de Derecho de Arrendamientos y Procesos Arrendaticios Urbanos\u00bb, T. II, Montevideo, 2023, de Edgar J. Varela-M\u00e9ndez.<\/li>\n<li>Idiomas: Espa\u00f1ol e Ingl\u00e9s.<\/li>\n<li>Socio del Colegio de Abogados del Uruguay.<\/li>\n<\/ul>\n[\/vc_column_text][\/vc_column_inner][\/vc_row_inner][\/vc_column][vc_column][\/vc_column][\/vc_row]\n","protected":false},"excerpt":{"rendered":"<p>[vc_row][vc_column][vc_row_inner][vc_column_inner width=\u00bb1\/3&#8243;][vc_column_text] Prof. Dr. Edgar J. Varela-M\u00e9ndez. E-mail: ejvm@varelayvarela.com.uy Doctor en Derecho y Ciencias Sociales. Profesor Em\u00e9rito de la Facultad de Derecho de la Universidad de la Rep\u00fablica. Catedr\u00e1tico de Derecho Procesal, Facultad de Ciencias Jur\u00eddicas, Universidad de la Empresa.&hellip;<\/p>\n","protected":false},"author":1,"featured_media":0,"parent":0,"menu_order":0,"comment_status":"closed","ping_status":"closed","template":"","meta":{"footnotes":""},"class_list":["post-2380","page","type-page","status-publish","hentry","entry","no-media"],"_links":{"self":[{"href":"https:\/\/varelayvarela.com.uy\/index.php?rest_route=\/wp\/v2\/pages\/2380","targetHints":{"allow":["GET"]}}],"collection":[{"href":"https:\/\/varelayvarela.com.uy\/index.php?rest_route=\/wp\/v2\/pages"}],"about":[{"href":"https:\/\/varelayvarela.com.uy\/index.php?rest_route=\/wp\/v2\/types\/page"}],"author":[{"embeddable":true,"href":"https:\/\/varelayvarela.com.uy\/index.php?rest_route=\/wp\/v2\/users\/1"}],"replies":[{"embeddable":true,"href":"https:\/\/varelayvarela.com.uy\/index.php?rest_route=%2Fwp%2Fv2%2Fcomments&post=2380"}],"version-history":[{"count":17,"href":"https:\/\/varelayvarela.com.uy\/index.php?rest_route=\/wp\/v2\/pages\/2380\/revisions"}],"predecessor-version":[{"id":2987,"href":"https:\/\/varelayvarela.com.uy\/index.php?rest_route=\/wp\/v2\/pages\/2380\/revisions\/2987"}],"wp:attachment":[{"href":"https:\/\/varelayvarela.com.uy\/index.php?rest_route=%2Fwp%2Fv2%2Fmedia&parent=2380"}],"curies":[{"name":"wp","href":"https:\/\/api.w.org\/{rel}","templated":true}]}}